{"id":107,"date":"2025-08-08T09:54:31","date_gmt":"2025-08-08T07:54:31","guid":{"rendered":"https:\/\/przystanekrozwoj.pl\/?page_id=107"},"modified":"2025-08-08T11:30:34","modified_gmt":"2025-08-08T09:30:34","slug":"o-projekcie","status":"publish","type":"page","link":"https:\/\/przystanekrozwoj.pl\/?page_id=107","title":{"rendered":"O projekcie"},"content":{"rendered":"\n<h3 class=\"wp-block-heading\"><\/h3>\n\n\n<div class=\"wp-block-image\">\n<figure class=\"aligncenter size-full is-resized\"><img decoding=\"async\" src=\"https:\/\/przystanekrozwoj.pl\/wp-content\/uploads\/2025\/08\/Mistrzowie-sluchania.png\" alt=\"\" class=\"wp-image-103\" style=\"width:403px;height:auto\"\/><\/figure>\n<\/div>\n\n\n<p><\/p>\n\n\n\n<p><strong>\u201eMistrzowie S\u0142uchania\u201d<\/strong> to og\u00f3lnopolski projekt stworzony z my\u015bl\u0105 o dzieciach z klas 1\u20133 i zer\u00f3wek, kt\u00f3ry wspiera rozw\u00f3j s\u0142uchu, koncentracji i komunikacji \u2013 czyli wszystkiego, co potrzebne do dobrego startu w szkole i \u017cyciu.<\/p>\n\n\n\n<p>\ud83d\udd39 B\u0119dziemy:<\/p>\n\n\n\n<ul class=\"wp-block-list\">\n<li>tropi\u0107 d\u017awi\u0119ki z otoczenia i mowy,<\/li>\n\n\n\n<li>\u0107wiczy\u0107 koncentracj\u0119 i pami\u0119\u0107 s\u0142uchow\u0105,<\/li>\n\n\n\n<li>rusza\u0107 si\u0119 do rytmu i bawi\u0107 w muzyczne misje,<\/li>\n\n\n\n<li>rozwija\u0107 zdolno\u015b\u0107 s\u0142uchania <strong>z ciekawo\u015bci\u0105 i zrozumieniem<\/strong>.<\/li>\n<\/ul>\n\n\n\n<p>Co miesi\u0105c czeka na Was <strong>Kosmiczna Misja S\u0142uchowa<\/strong>, a co tydzie\u0144 \u2013 <strong>Ma\u0142e S\u0142uchowe Wyprawy<\/strong>, kt\u00f3re dzieci pokochaj\u0105.<\/p>\n\n\n\n<p>\ud83d\udcc5 Startujemy ju\u017c <strong>1 pa\u017adziernika 2025<\/strong>, a dzia\u0142amy a\u017c do <strong>ko\u0144ca maja 2026<\/strong>.<br>\ud83d\udca1 Udzia\u0142 w projekcie jest <strong>bezp\u0142atny<\/strong> \u2013 wystarczy zg\u0142osi\u0107 grup\u0119 przez formularz dost\u0119pny na naszej stronie.<\/p>\n\n\n\n<p>Projekt jest skierowany do nauczycieli i specjalist\u00f3w pracuj\u0105cych w klasach edukacji wczesnoszkolnej oraz w zer\u00f3wkach. <\/p>\n\n\n\n<p>\ud83c\udf93 Na koniec na uczestnik\u00f3w czekaj\u0105 certyfikaty i ogrom dumy z tego, jakimi stali si\u0119 <strong>mistrzami s\u0142uchania<\/strong>!<\/p>\n\n\n\n<p><\/p>\n\n\n\n<p>\ud83d\udce2 <strong>Chcesz do\u0142\u0105czy\u0107 do projektu Mistrzowie S\u0142uchania?<\/strong><br>To bardzo proste! \ud83c\udfa7\u2728<\/p>\n\n\n\n<p>Aby si\u0119 zg\u0142osi\u0107, wystarczy:<\/p>\n\n\n\n<p>\ud83d\udce7 <strong>Wy\u015blij maila<\/strong> na adres:<br>\ud83d\udc49 <strong><a>mistrzowiesluchania@gmail.com<\/a><\/strong><\/p>\n\n\n\n<p>\u2709 W tytule wiadomo\u015bci wpisz:<br>\ud83c\udfeb <strong>numer szko\u0142y i miejscowo\u015b\u0107<\/strong> (np. SP 3 Gda\u0144sk)<\/p>\n\n\n\n<p>\ud83d\udcdd W tre\u015bci wiadomo\u015bci podaj:<br>\u2714 <strong>ile klas<\/strong> we\u017amie udzia\u0142<br>\u2714 <strong>ilu uczni\u00f3w<\/strong> obejmie projekt<\/p>\n\n\n\n<p>Gotowe! \ud83d\udcac Czekamy na Wasze zg\u0142oszenia!<br>Do\u0142\u0105cz do grona szk\u00f3\u0142, kt\u00f3re wspieraj\u0105 rozw\u00f3j s\u0142uchowy uczni\u00f3w \ud83c\udfa7\ud83d\udc99<br><\/p>\n","protected":false},"excerpt":{"rendered":"<p>\u201eMistrzowie S\u0142uchania\u201d to og\u00f3lnopolski projekt stworzony z my\u015bl\u0105 o dzieciach z klas 1\u20133 i zer\u00f3wek, kt\u00f3ry wspiera rozw\u00f3j s\u0142uchu, koncentracji i komunikacji \u2013 czyli wszystkiego, co potrzebne do dobrego startu w szkole i \u017cyciu. \ud83d\udd39 B\u0119dziemy: Co miesi\u0105c czeka na Was Kosmiczna Misja S\u0142uchowa, a co tydzie\u0144 \u2013 Ma\u0142e S\u0142uchowe Wyprawy, kt\u00f3re dzieci pokochaj\u0105. \ud83d\udcc5 Startujemy ju\u017c 1 pa\u017adziernika 2025, [&hellip;]<\/p>\n","protected":false},"author":1,"featured_media":0,"parent":0,"menu_order":0,"comment_status":"closed","ping_status":"closed","template":"","meta":{"postBodyCss":"","postBodyMargin":[],"postBodyPadding":[],"postBodyBackground":{"backgroundType":"classic","gradient":""},"footnotes":""},"class_list":["post-107","page","type-page","status-publish","hentry"],"_links":{"self":[{"href":"https:\/\/przystanekrozwoj.pl\/index.php?rest_route=\/wp\/v2\/pages\/107","targetHints":{"allow":["GET"]}}],"collection":[{"href":"https:\/\/przystanekrozwoj.pl\/index.php?rest_route=\/wp\/v2\/pages"}],"about":[{"href":"https:\/\/przystanekrozwoj.pl\/index.php?rest_route=\/wp\/v2\/types\/page"}],"author":[{"embeddable":true,"href":"https:\/\/przystanekrozwoj.pl\/index.php?rest_route=\/wp\/v2\/users\/1"}],"replies":[{"embeddable":true,"href":"https:\/\/przystanekrozwoj.pl\/index.php?rest_route=%2Fwp%2Fv2%2Fcomments&post=107"}],"version-history":[{"count":2,"href":"https:\/\/przystanekrozwoj.pl\/index.php?rest_route=\/wp\/v2\/pages\/107\/revisions"}],"predecessor-version":[{"id":135,"href":"https:\/\/przystanekrozwoj.pl\/index.php?rest_route=\/wp\/v2\/pages\/107\/revisions\/135"}],"wp:attachment":[{"href":"https:\/\/przystanekrozwoj.pl\/index.php?rest_route=%2Fwp%2Fv2%2Fmedia&parent=107"}],"curies":[{"name":"wp","href":"https:\/\/api.w.org\/{rel}","templated":true}]}}