{"id":113,"date":"2025-08-08T10:53:06","date_gmt":"2025-08-08T08:53:06","guid":{"rendered":"https:\/\/przystanekrozwoj.pl\/?page_id=113"},"modified":"2025-08-08T10:53:06","modified_gmt":"2025-08-08T08:53:06","slug":"zalaczniki","status":"publish","type":"page","link":"https:\/\/przystanekrozwoj.pl\/?page_id=113","title":{"rendered":"Za\u0142\u0105czniki"},"content":{"rendered":"\n<div class=\"wp-block-columns is-layout-flex wp-container-core-columns-is-layout-9d6595d7 wp-block-columns-is-layout-flex\">\n<div class=\"wp-block-column is-layout-flow wp-block-column-is-layout-flow\">\n<div data-wp-interactive=\"core\/file\" class=\"wp-block-file\"><object data-wp-bind--hidden=\"!state.hasPdfPreview\" hidden class=\"wp-block-file__embed\" data=\"https:\/\/przystanekrozwoj.pl\/wp-content\/uploads\/2025\/08\/Zalacznik-1-zamien-w-dzwiek.pdf\" type=\"application\/pdf\" style=\"width:100%;height:200px\" aria-label=\"Embed of Za\u0142\u0105cznik 1 - zamie\u0144 w d\u017awi\u0119k.\"><\/object><a id=\"wp-block-file--media-53a689fd-f8c3-4466-a0ce-eec47f379a81\" href=\"https:\/\/przystanekrozwoj.pl\/wp-content\/uploads\/2025\/08\/Zalacznik-1-zamien-w-dzwiek.pdf\">Za\u0142\u0105cznik 1 &#8211; zamie\u0144 w d\u017awi\u0119k<\/a><a href=\"https:\/\/przystanekrozwoj.pl\/wp-content\/uploads\/2025\/08\/Zalacznik-1-zamien-w-dzwiek.pdf\" class=\"wp-block-file__button wp-element-button\" download aria-describedby=\"wp-block-file--media-53a689fd-f8c3-4466-a0ce-eec47f379a81\">Pobierz<\/a><\/div>\n<\/div>\n\n\n\n<div class=\"wp-block-column is-layout-flow wp-block-column-is-layout-flow\">\n<p><strong>Za\u0142\u0105cznik 1 &#8211; Zamie\u0144 w d\u017awi\u0119k <\/strong><br>Ma\u0142e, s\u0142uchowe wyprawy &#8211; zadanie 9<br><\/p>\n<\/div>\n<\/div>\n\n\n\n<div class=\"wp-block-columns is-layout-flex wp-container-core-columns-is-layout-9d6595d7 wp-block-columns-is-layout-flex\">\n<div class=\"wp-block-column is-layout-flow wp-block-column-is-layout-flow\">\n<div data-wp-interactive=\"core\/file\" class=\"wp-block-file\"><object data-wp-bind--hidden=\"!state.hasPdfPreview\" hidden class=\"wp-block-file__embed\" data=\"https:\/\/przystanekrozwoj.pl\/wp-content\/uploads\/2025\/08\/Zalacznik-2-Dzwiekowe-opowiadania.pdf\" type=\"application\/pdf\" style=\"width:100%;height:200px\" aria-label=\"Embed of Za\u0142\u0105cznik 2 - D\u017awi\u0119kowe opowiadania.\"><\/object><a id=\"wp-block-file--media-474ae1ee-d4b2-4478-bfe8-3815efa4b71a\" href=\"https:\/\/przystanekrozwoj.pl\/wp-content\/uploads\/2025\/08\/Zalacznik-2-Dzwiekowe-opowiadania.pdf\">Za\u0142\u0105cznik 2 &#8211; D\u017awi\u0119kowe opowiadania<\/a><a href=\"https:\/\/przystanekrozwoj.pl\/wp-content\/uploads\/2025\/08\/Zalacznik-2-Dzwiekowe-opowiadania.pdf\" class=\"wp-block-file__button wp-element-button\" download aria-describedby=\"wp-block-file--media-474ae1ee-d4b2-4478-bfe8-3815efa4b71a\">Pobierz<\/a><\/div>\n<\/div>\n\n\n\n<div class=\"wp-block-column is-layout-flow wp-block-column-is-layout-flow\">\n<p><strong>Za\u0142\u0105cznik 2 &#8211; Opowiadania<\/strong><br>Ma\u0142e, s\u0142uchowe wyprawy &#8211; zadanie 41<\/p>\n<\/div>\n<\/div>\n\n\n\n<div class=\"wp-block-columns is-layout-flex wp-container-core-columns-is-layout-9d6595d7 wp-block-columns-is-layout-flex\">\n<div class=\"wp-block-column is-layout-flow wp-block-column-is-layout-flow\">\n<div data-wp-interactive=\"core\/file\" class=\"wp-block-file\"><object data-wp-bind--hidden=\"!state.hasPdfPreview\" hidden class=\"wp-block-file__embed\" data=\"https:\/\/przystanekrozwoj.pl\/wp-content\/uploads\/2025\/08\/Zalacznik-3-Stacja-Przerywnikow.pdf\" type=\"application\/pdf\" style=\"width:100%;height:200px\" aria-label=\"Embed of Za\u0142\u0105cznik 3 - Stacja Przerywnik\u00f3w.\"><\/object><a id=\"wp-block-file--media-b61d9fe6-c6d5-4468-ba6a-d90ee7a2a079\" href=\"https:\/\/przystanekrozwoj.pl\/wp-content\/uploads\/2025\/08\/Zalacznik-3-Stacja-Przerywnikow.pdf\">Za\u0142\u0105cznik 3 &#8211; Stacja Przerywnik\u00f3w<\/a><a href=\"https:\/\/przystanekrozwoj.pl\/wp-content\/uploads\/2025\/08\/Zalacznik-3-Stacja-Przerywnikow.pdf\" class=\"wp-block-file__button wp-element-button\" download aria-describedby=\"wp-block-file--media-b61d9fe6-c6d5-4468-ba6a-d90ee7a2a079\">Pobierz<\/a><\/div>\n<\/div>\n\n\n\n<div class=\"wp-block-column is-layout-flow wp-block-column-is-layout-flow\">\n<p><strong>Za\u0142\u0105cznik 3 &#8211; Opowie\u015b\u0107 z Przerywanej Planety<\/strong><br>Kosmiczne Misje S\u0142uchowe &#8211; lekcja numer 7 &#8220;Stacja przerywnik\u00f3w&#8221;<\/p>\n<\/div>\n<\/div>\n\n\n\n<div class=\"wp-block-columns is-layout-flex wp-container-core-columns-is-layout-9d6595d7 wp-block-columns-is-layout-flex\">\n<div class=\"wp-block-column is-layout-flow wp-block-column-is-layout-flow\">\n<div data-wp-interactive=\"core\/file\" class=\"wp-block-file\"><object data-wp-bind--hidden=\"!state.hasPdfPreview\" hidden class=\"wp-block-file__embed\" data=\"https:\/\/przystanekrozwoj.pl\/wp-content\/uploads\/2025\/08\/Zalacznik-4-ciagi-2.pdf\" type=\"application\/pdf\" style=\"width:100%;height:200px\" aria-label=\"Embed of Za\u0142\u0105cznik 4 - ci\u0105gi (2).\"><\/object><a id=\"wp-block-file--media-01398829-2f08-411f-ba5f-fa5ce8f2c1a3\" href=\"https:\/\/przystanekrozwoj.pl\/wp-content\/uploads\/2025\/08\/Zalacznik-4-ciagi-2.pdf\">Za\u0142\u0105cznik 4 &#8211; ci\u0105gi (2)<\/a><a href=\"https:\/\/przystanekrozwoj.pl\/wp-content\/uploads\/2025\/08\/Zalacznik-4-ciagi-2.pdf\" class=\"wp-block-file__button wp-element-button\" download aria-describedby=\"wp-block-file--media-01398829-2f08-411f-ba5f-fa5ce8f2c1a3\">Pobierz<\/a><\/div>\n<\/div>\n\n\n\n<div class=\"wp-block-column is-layout-flow wp-block-column-is-layout-flow\">\n<p><strong>Za\u0142\u0105cznik 4 &#8211; Obrazki z logicznymi ci\u0105gami<\/strong><br>Kosmiczne Misje S\u0142uchowe &#8211; lekcja numer 6 &#8220;Kosmiczne Domino D\u017awi\u0119kowe&#8221;<\/p>\n<\/div>\n<\/div>\n\n\n\n<div class=\"wp-block-columns is-layout-flex wp-container-core-columns-is-layout-9d6595d7 wp-block-columns-is-layout-flex\">\n<div class=\"wp-block-column is-layout-flow wp-block-column-is-layout-flow\">\n<div class=\"wp-block-file\"><a id=\"wp-block-file--media-7a283e04-bb0c-4687-8b3b-9329c5beaabf\" href=\"https:\/\/przystanekrozwoj.pl\/wp-content\/uploads\/2025\/08\/Dzwieki-Galaktyki-1-1.mp4\">D\u017awi\u0119ki Galaktyki  (1) (1)<\/a><a href=\"https:\/\/przystanekrozwoj.pl\/wp-content\/uploads\/2025\/08\/Dzwieki-Galaktyki-1-1.mp4\" class=\"wp-block-file__button wp-element-button\" download aria-describedby=\"wp-block-file--media-7a283e04-bb0c-4687-8b3b-9329c5beaabf\">Pobierz<\/a><\/div>\n<\/div>\n\n\n\n<div class=\"wp-block-column is-layout-flow wp-block-column-is-layout-flow\">\n<p><strong>D\u017awi\u0119ki Galaktyki &#8211; \u015bcie\u017cka d\u017awi\u0119kowa <\/strong><br>Kosmiczne Misje S\u0142uchowe &#8211; lekcja numer 3 &#8211; &#8220;D\u017awi\u0119ki Galaktyki&#8221;<\/p>\n<\/div>\n<\/div>\n\n\n\n<div class=\"wp-block-columns is-layout-flex wp-container-core-columns-is-layout-9d6595d7 wp-block-columns-is-layout-flex\">\n<div class=\"wp-block-column is-layout-flow wp-block-column-is-layout-flow\">\n<div data-wp-interactive=\"core\/file\" class=\"wp-block-file\"><object data-wp-bind--hidden=\"!state.hasPdfPreview\" hidden class=\"wp-block-file__embed\" data=\"https:\/\/przystanekrozwoj.pl\/wp-content\/uploads\/2025\/08\/Zalacznik-5-Zgoda-na-udzial-w-projekcie-i-wizerunek.pdf\" type=\"application\/pdf\" style=\"width:100%;height:200px\" aria-label=\"Embed of Za\u0142\u0105cznik 5 - Zgoda na udzia\u0142 w projekcie i wizerunek.\"><\/object><a id=\"wp-block-file--media-3d0369a5-bf77-435e-8c9b-ab67ebcef330\" href=\"https:\/\/przystanekrozwoj.pl\/wp-content\/uploads\/2025\/08\/Zalacznik-5-Zgoda-na-udzial-w-projekcie-i-wizerunek.pdf\">Za\u0142\u0105cznik 5 &#8211; Zgoda na udzia\u0142 w projekcie i wizerunek<\/a><a href=\"https:\/\/przystanekrozwoj.pl\/wp-content\/uploads\/2025\/08\/Zalacznik-5-Zgoda-na-udzial-w-projekcie-i-wizerunek.pdf\" class=\"wp-block-file__button wp-element-button\" download aria-describedby=\"wp-block-file--media-3d0369a5-bf77-435e-8c9b-ab67ebcef330\">Pobierz<\/a><\/div>\n<\/div>\n\n\n\n<div class=\"wp-block-column is-layout-flow wp-block-column-is-layout-flow\">\n<p><strong>Za\u0142\u0105cznik 5 &#8211; <\/strong>Zgoda na udzia\u0142 w projekcie i udost\u0119pnienie wizerunku<\/p>\n<\/div>\n<\/div>\n\n\n\n<div class=\"wp-block-columns is-layout-flex wp-container-core-columns-is-layout-9d6595d7 wp-block-columns-is-layout-flex\">\n<div class=\"wp-block-column is-layout-flow wp-block-column-is-layout-flow\">\n<div data-wp-interactive=\"core\/file\" class=\"wp-block-file\"><object data-wp-bind--hidden=\"!state.hasPdfPreview\" hidden class=\"wp-block-file__embed\" data=\"https:\/\/przystanekrozwoj.pl\/wp-content\/uploads\/2025\/08\/REGULAMIN-.pdf\" type=\"application\/pdf\" style=\"width:100%;height:200px\" aria-label=\"Embed of REGULAMIN.\"><\/object><a id=\"wp-block-file--media-200d90ad-6da1-4cff-bd1d-8f91622078a5\" href=\"https:\/\/przystanekrozwoj.pl\/wp-content\/uploads\/2025\/08\/REGULAMIN-.pdf\">REGULAMIN<\/a><a href=\"https:\/\/przystanekrozwoj.pl\/wp-content\/uploads\/2025\/08\/REGULAMIN-.pdf\" class=\"wp-block-file__button wp-element-button\" download aria-describedby=\"wp-block-file--media-200d90ad-6da1-4cff-bd1d-8f91622078a5\">Pobierz<\/a><\/div>\n<\/div>\n\n\n\n<div class=\"wp-block-column is-layout-flow wp-block-column-is-layout-flow\">\n<p><strong>Regulamin Og\u00f3lnopolskiego Projektu &#8220;Mistrzowie S\u0142uchania&#8221;<\/strong><\/p>\n<\/div>\n<\/div>\n\n\n\n<div class=\"wp-block-columns is-layout-flex wp-container-core-columns-is-layout-9d6595d7 wp-block-columns-is-layout-flex\">\n<div class=\"wp-block-column is-layout-flow wp-block-column-is-layout-flow\">\n<div data-wp-interactive=\"core\/file\" class=\"wp-block-file\"><object data-wp-bind--hidden=\"!state.hasPdfPreview\" hidden class=\"wp-block-file__embed\" data=\"https:\/\/przystanekrozwoj.pl\/wp-content\/uploads\/2025\/08\/Male-sluchowe-wyprawy.pdf\" type=\"application\/pdf\" style=\"width:100%;height:200px\" aria-label=\"Embed of Ma\u0142e, s\u0142uchowe wyprawy.\"><\/object><a id=\"wp-block-file--media-8c8b1885-de70-414a-94c1-5a8005bda73b\" href=\"https:\/\/przystanekrozwoj.pl\/wp-content\/uploads\/2025\/08\/Male-sluchowe-wyprawy.pdf\">Ma\u0142e, s\u0142uchowe wyprawy<\/a><a href=\"https:\/\/przystanekrozwoj.pl\/wp-content\/uploads\/2025\/08\/Male-sluchowe-wyprawy.pdf\" class=\"wp-block-file__button wp-element-button\" download aria-describedby=\"wp-block-file--media-8c8b1885-de70-414a-94c1-5a8005bda73b\">Pobierz<\/a><\/div>\n<\/div>\n\n\n\n<div class=\"wp-block-column is-layout-flow wp-block-column-is-layout-flow\">\n<p><strong>Ma\u0142e, s\u0142uchowe wyprawy<\/strong><\/p>\n<\/div>\n<\/div>\n\n\n\n<div class=\"wp-block-columns is-layout-flex wp-container-core-columns-is-layout-9d6595d7 wp-block-columns-is-layout-flex\">\n<div class=\"wp-block-column is-layout-flow wp-block-column-is-layout-flow\">\n<div data-wp-interactive=\"core\/file\" class=\"wp-block-file\"><object data-wp-bind--hidden=\"!state.hasPdfPreview\" hidden class=\"wp-block-file__embed\" data=\"https:\/\/przystanekrozwoj.pl\/wp-content\/uploads\/2025\/08\/Kosmiczne-Misje-Sluchowe-scenariusze.pdf\" type=\"application\/pdf\" style=\"width:100%;height:200px\" aria-label=\"Embed of Kosmiczne Misje S\u0142uchowe - scenariusze.\"><\/object><a id=\"wp-block-file--media-a36cdeda-9cd3-4c2e-af04-f794f40f8457\" href=\"https:\/\/przystanekrozwoj.pl\/wp-content\/uploads\/2025\/08\/Kosmiczne-Misje-Sluchowe-scenariusze.pdf\">Kosmiczne Misje S\u0142uchowe &#8211; scenariusze<\/a><a href=\"https:\/\/przystanekrozwoj.pl\/wp-content\/uploads\/2025\/08\/Kosmiczne-Misje-Sluchowe-scenariusze.pdf\" class=\"wp-block-file__button wp-element-button\" download aria-describedby=\"wp-block-file--media-a36cdeda-9cd3-4c2e-af04-f794f40f8457\">Pobierz<\/a><\/div>\n<\/div>\n\n\n\n<div class=\"wp-block-column is-layout-flow wp-block-column-is-layout-flow\">\n<p><strong>Kosmiczne Misje S\u0142uchowe &#8211; scenariusze lekcji <\/strong><\/p>\n<\/div>\n<\/div>\n","protected":false},"excerpt":{"rendered":"<p>Za\u0142\u0105cznik 1 &#8211; Zamie\u0144 w d\u017awi\u0119k Ma\u0142e, s\u0142uchowe wyprawy &#8211; zadanie 9 Za\u0142\u0105cznik 2 &#8211; OpowiadaniaMa\u0142e, s\u0142uchowe wyprawy &#8211; zadanie 41 Za\u0142\u0105cznik 3 &#8211; Opowie\u015b\u0107 z Przerywanej PlanetyKosmiczne Misje S\u0142uchowe &#8211; lekcja numer 7 &#8220;Stacja przerywnik\u00f3w&#8221; Za\u0142\u0105cznik 4 &#8211; Obrazki z logicznymi ci\u0105gamiKosmiczne Misje S\u0142uchowe &#8211; lekcja numer 6 &#8220;Kosmiczne Domino D\u017awi\u0119kowe&#8221; D\u017awi\u0119ki Galaktyki &#8211; \u015bcie\u017cka d\u017awi\u0119kowa Kosmiczne Misje S\u0142uchowe [&hellip;]<\/p>\n","protected":false},"author":1,"featured_media":0,"parent":0,"menu_order":0,"comment_status":"closed","ping_status":"closed","template":"","meta":{"postBodyCss":"","postBodyMargin":[],"postBodyPadding":[],"postBodyBackground":{"backgroundType":"classic","gradient":""},"footnotes":""},"class_list":["post-113","page","type-page","status-publish","hentry"],"_links":{"self":[{"href":"https:\/\/przystanekrozwoj.pl\/index.php?rest_route=\/wp\/v2\/pages\/113","targetHints":{"allow":["GET"]}}],"collection":[{"href":"https:\/\/przystanekrozwoj.pl\/index.php?rest_route=\/wp\/v2\/pages"}],"about":[{"href":"https:\/\/przystanekrozwoj.pl\/index.php?rest_route=\/wp\/v2\/types\/page"}],"author":[{"embeddable":true,"href":"https:\/\/przystanekrozwoj.pl\/index.php?rest_route=\/wp\/v2\/users\/1"}],"replies":[{"embeddable":true,"href":"https:\/\/przystanekrozwoj.pl\/index.php?rest_route=%2Fwp%2Fv2%2Fcomments&post=113"}],"version-history":[{"count":1,"href":"https:\/\/przystanekrozwoj.pl\/index.php?rest_route=\/wp\/v2\/pages\/113\/revisions"}],"predecessor-version":[{"id":123,"href":"https:\/\/przystanekrozwoj.pl\/index.php?rest_route=\/wp\/v2\/pages\/113\/revisions\/123"}],"wp:attachment":[{"href":"https:\/\/przystanekrozwoj.pl\/index.php?rest_route=%2Fwp%2Fv2%2Fmedia&parent=113"}],"curies":[{"name":"wp","href":"https:\/\/api.w.org\/{rel}","templated":true}]}}