{"id":125,"date":"2025-08-08T11:01:31","date_gmt":"2025-08-08T09:01:31","guid":{"rendered":"https:\/\/przystanekrozwoj.pl\/?page_id=125"},"modified":"2025-08-08T11:01:31","modified_gmt":"2025-08-08T09:01:31","slug":"innowacja-pedagogiczna","status":"publish","type":"page","link":"https:\/\/przystanekrozwoj.pl\/?page_id=125","title":{"rendered":"Innowacja Pedagogiczna"},"content":{"rendered":"\n<p><\/p>\n\n\n\n<p>Z rado\u015bci\u0105 informujemy, \u017ce Og\u00f3lnopolski Projekt <strong>\u201eMistrzowie S\u0142uchania\u201d<\/strong> mo\u017ce by\u0107 realizowany w <strong>szko\u0142ach podstawowych oraz przedszkolach (zer\u00f3wkach)<\/strong> jako <strong>innowacja pedagogiczna<\/strong>.<\/p>\n\n\n\n<p>Udzia\u0142 w projekcie w formie innowacji to doskona\u0142a okazja do wzbogacenia oferty edukacyjnej plac\u00f3wki, a tak\u017ce rozwijania u dzieci kluczowych kompetencji z zakresu aktywnego s\u0142uchania, komunikacji i empatii.<\/p>\n\n\n\n<p>Poni\u017cej udost\u0119pniamy <strong>gotowy dokument innowacji<\/strong>, kt\u00f3ry mo\u017cna przed\u0142o\u017cy\u0107 Radzie Pedagogicznej oraz dyrekcji w celu zatwierdzenia projektu do realizacji:<\/p>\n\n\n\n<div class=\"wp-block-columns is-layout-flex wp-container-core-columns-is-layout-9d6595d7 wp-block-columns-is-layout-flex\">\n<div class=\"wp-block-column is-layout-flow wp-block-column-is-layout-flow\">\n<div data-wp-interactive=\"core\/file\" class=\"wp-block-file\"><object data-wp-bind--hidden=\"!state.hasPdfPreview\" hidden class=\"wp-block-file__embed\" data=\"https:\/\/przystanekrozwoj.pl\/wp-content\/uploads\/2025\/08\/Innowacja-Mistrzowie-Sluchania.pdf\" type=\"application\/pdf\" style=\"width:100%;height:200px\" aria-label=\"Embed of Innowacja - Mistrzowie S\u0142uchania.\"><\/object><a id=\"wp-block-file--media-370a92cc-cd60-4741-a96d-12dd0e372488\" href=\"https:\/\/przystanekrozwoj.pl\/wp-content\/uploads\/2025\/08\/Innowacja-Mistrzowie-Sluchania.pdf\">Innowacja &#8211; Mistrzowie S\u0142uchania<\/a><a href=\"https:\/\/przystanekrozwoj.pl\/wp-content\/uploads\/2025\/08\/Innowacja-Mistrzowie-Sluchania.pdf\" class=\"wp-block-file__button wp-element-button\" download aria-describedby=\"wp-block-file--media-370a92cc-cd60-4741-a96d-12dd0e372488\">Pobierz<\/a><\/div>\n<\/div>\n\n\n\n<div class=\"wp-block-column is-layout-flow wp-block-column-is-layout-flow\">\n<p><strong>Innowacja Pedagogiczna<\/strong><\/p>\n\n\n\n<p>Mistrzowie S\u0142uchania<\/p>\n<\/div>\n<\/div>\n\n\n\n<p><\/p>\n","protected":false},"excerpt":{"rendered":"<p>Z rado\u015bci\u0105 informujemy, \u017ce Og\u00f3lnopolski Projekt \u201eMistrzowie S\u0142uchania\u201d mo\u017ce by\u0107 realizowany w szko\u0142ach podstawowych oraz przedszkolach (zer\u00f3wkach) jako innowacja pedagogiczna. Udzia\u0142 w projekcie w formie innowacji to doskona\u0142a okazja do wzbogacenia oferty edukacyjnej plac\u00f3wki, a tak\u017ce rozwijania u dzieci kluczowych kompetencji z zakresu aktywnego s\u0142uchania, komunikacji i empatii. Poni\u017cej udost\u0119pniamy gotowy dokument innowacji, kt\u00f3ry mo\u017cna przed\u0142o\u017cy\u0107 Radzie Pedagogicznej oraz dyrekcji [&hellip;]<\/p>\n","protected":false},"author":1,"featured_media":0,"parent":0,"menu_order":0,"comment_status":"closed","ping_status":"closed","template":"","meta":{"postBodyCss":"","postBodyMargin":[],"postBodyPadding":[],"postBodyBackground":{"backgroundType":"classic","gradient":""},"footnotes":""},"class_list":["post-125","page","type-page","status-publish","hentry"],"_links":{"self":[{"href":"https:\/\/przystanekrozwoj.pl\/index.php?rest_route=\/wp\/v2\/pages\/125","targetHints":{"allow":["GET"]}}],"collection":[{"href":"https:\/\/przystanekrozwoj.pl\/index.php?rest_route=\/wp\/v2\/pages"}],"about":[{"href":"https:\/\/przystanekrozwoj.pl\/index.php?rest_route=\/wp\/v2\/types\/page"}],"author":[{"embeddable":true,"href":"https:\/\/przystanekrozwoj.pl\/index.php?rest_route=\/wp\/v2\/users\/1"}],"replies":[{"embeddable":true,"href":"https:\/\/przystanekrozwoj.pl\/index.php?rest_route=%2Fwp%2Fv2%2Fcomments&post=125"}],"version-history":[{"count":1,"href":"https:\/\/przystanekrozwoj.pl\/index.php?rest_route=\/wp\/v2\/pages\/125\/revisions"}],"predecessor-version":[{"id":127,"href":"https:\/\/przystanekrozwoj.pl\/index.php?rest_route=\/wp\/v2\/pages\/125\/revisions\/127"}],"wp:attachment":[{"href":"https:\/\/przystanekrozwoj.pl\/index.php?rest_route=%2Fwp%2Fv2%2Fmedia&parent=125"}],"curies":[{"name":"wp","href":"https:\/\/api.w.org\/{rel}","templated":true}]}}