{"id":132,"date":"2025-08-08T11:26:42","date_gmt":"2025-08-08T09:26:42","guid":{"rendered":"https:\/\/przystanekrozwoj.pl\/?page_id=132"},"modified":"2025-08-08T11:26:42","modified_gmt":"2025-08-08T09:26:42","slug":"kosmiczne-misje-sluchowe","status":"publish","type":"page","link":"https:\/\/przystanekrozwoj.pl\/?page_id=132","title":{"rendered":"Kosmiczne Misje S\u0142uchowe"},"content":{"rendered":"\n<p>To oko\u0142o <strong>45-minutowe lekcje<\/strong>, realizowane <strong>raz w miesi\u0105cu<\/strong>, kt\u00f3rych celem jest:<\/p>\n\n\n\n<p>\ud83d\udd38 usprawnienie <strong>analizatora s\u0142uchowego<\/strong><br>\ud83d\udd38 wsparcie <strong>przetwarzania s\u0142uchowego<\/strong><br>\ud83d\udd38 <strong>integracja grupy<\/strong> przez wsp\u00f3lne dzia\u0142ania i zabaw\u0119<\/p>\n\n\n\n<p>Dodatkowo, elementy <strong>integracji sensorycznej<\/strong> wspieraj\u0105 skuteczno\u015b\u0107 \u0107wicze\u0144 i rozw\u00f3j dzieci w przyjaznej, anga\u017cuj\u0105cej formie.<\/p>\n\n\n\n<p>\ud83d\udcc6 Ka\u017cdego miesi\u0105ca realizujecie <strong>kolejn\u0105 misj\u0119<\/strong> \u2013 krok po kroku, zgodnie ze scenariuszem.<br>\ud83d\udccc Mo\u017cecie \u015bmia\u0142o <strong>modyfikowa\u0107 zaj\u0119cia<\/strong> i <strong>dodawa\u0107 co\u015b od siebie<\/strong>, by lepiej dopasowa\u0107 je do potrzeb swojej grupy.<\/p>\n\n\n\n<p>\ud83d\udcc2 <strong>Scenariusze lekcji<\/strong> znajdziecie do pobrania poni\u017cej lub w plikach grupy projektowej (<a href=\"https:\/\/www.facebook.com\/groups\/mistrzowiesluchania\">https:\/\/www.facebook.com\/groups\/mistrzowiesluchania<\/a>).<\/p>\n\n\n\n<div class=\"wp-block-columns is-layout-flex wp-container-core-columns-is-layout-9d6595d7 wp-block-columns-is-layout-flex\">\n<div class=\"wp-block-column is-layout-flow wp-block-column-is-layout-flow\">\n<div data-wp-interactive=\"core\/file\" class=\"wp-block-file\"><object data-wp-bind--hidden=\"!state.hasPdfPreview\" hidden class=\"wp-block-file__embed\" data=\"https:\/\/przystanekrozwoj.pl\/wp-content\/uploads\/2025\/08\/Kosmiczne-Misje-Sluchowe-scenariusze.pdf\" type=\"application\/pdf\" style=\"width:100%;height:200px\" aria-label=\"Embed of Kosmiczne Misje S\u0142uchowe - scenariusze.\"><\/object><a id=\"wp-block-file--media-0ac81df5-dd4a-4c30-848a-6ba52bb256fb\" href=\"https:\/\/przystanekrozwoj.pl\/wp-content\/uploads\/2025\/08\/Kosmiczne-Misje-Sluchowe-scenariusze.pdf\">Kosmiczne Misje S\u0142uchowe &#8211; scenariusze<\/a><a href=\"https:\/\/przystanekrozwoj.pl\/wp-content\/uploads\/2025\/08\/Kosmiczne-Misje-Sluchowe-scenariusze.pdf\" class=\"wp-block-file__button wp-element-button\" download aria-describedby=\"wp-block-file--media-0ac81df5-dd4a-4c30-848a-6ba52bb256fb\">Pobierz<\/a><\/div>\n<\/div>\n\n\n\n<div class=\"wp-block-column is-layout-flow wp-block-column-is-layout-flow\"><\/div>\n<\/div>\n\n\n\n<p>Powodzenia w Waszych kosmicznych dzia\u0142aniach! \u2728<br>Niech dobra komunikacja b\u0119dzie z Wami! \ud83d\ude80\ud83c\udfa7<\/p>\n","protected":false},"excerpt":{"rendered":"<p>To oko\u0142o 45-minutowe lekcje, realizowane raz w miesi\u0105cu, kt\u00f3rych celem jest: \ud83d\udd38 usprawnienie analizatora s\u0142uchowego\ud83d\udd38 wsparcie przetwarzania s\u0142uchowego\ud83d\udd38 integracja grupy przez wsp\u00f3lne dzia\u0142ania i zabaw\u0119 Dodatkowo, elementy integracji sensorycznej wspieraj\u0105 skuteczno\u015b\u0107 \u0107wicze\u0144 i rozw\u00f3j dzieci w przyjaznej, anga\u017cuj\u0105cej formie. \ud83d\udcc6 Ka\u017cdego miesi\u0105ca realizujecie kolejn\u0105 misj\u0119 \u2013 krok po kroku, zgodnie ze scenariuszem.\ud83d\udccc Mo\u017cecie \u015bmia\u0142o modyfikowa\u0107 zaj\u0119cia i dodawa\u0107 co\u015b od [&hellip;]<\/p>\n","protected":false},"author":1,"featured_media":0,"parent":0,"menu_order":0,"comment_status":"closed","ping_status":"closed","template":"","meta":{"postBodyCss":"","postBodyMargin":[],"postBodyPadding":[],"postBodyBackground":{"backgroundType":"classic","gradient":""},"footnotes":""},"class_list":["post-132","page","type-page","status-publish","hentry"],"_links":{"self":[{"href":"https:\/\/przystanekrozwoj.pl\/index.php?rest_route=\/wp\/v2\/pages\/132","targetHints":{"allow":["GET"]}}],"collection":[{"href":"https:\/\/przystanekrozwoj.pl\/index.php?rest_route=\/wp\/v2\/pages"}],"about":[{"href":"https:\/\/przystanekrozwoj.pl\/index.php?rest_route=\/wp\/v2\/types\/page"}],"author":[{"embeddable":true,"href":"https:\/\/przystanekrozwoj.pl\/index.php?rest_route=\/wp\/v2\/users\/1"}],"replies":[{"embeddable":true,"href":"https:\/\/przystanekrozwoj.pl\/index.php?rest_route=%2Fwp%2Fv2%2Fcomments&post=132"}],"version-history":[{"count":1,"href":"https:\/\/przystanekrozwoj.pl\/index.php?rest_route=\/wp\/v2\/pages\/132\/revisions"}],"predecessor-version":[{"id":133,"href":"https:\/\/przystanekrozwoj.pl\/index.php?rest_route=\/wp\/v2\/pages\/132\/revisions\/133"}],"wp:attachment":[{"href":"https:\/\/przystanekrozwoj.pl\/index.php?rest_route=%2Fwp%2Fv2%2Fmedia&parent=132"}],"curies":[{"name":"wp","href":"https:\/\/api.w.org\/{rel}","templated":true}]}}