{"id":144,"date":"2025-08-19T22:22:11","date_gmt":"2025-08-19T20:22:11","guid":{"rendered":"https:\/\/przystanekrozwoj.pl\/?page_id=144"},"modified":"2025-08-19T22:22:11","modified_gmt":"2025-08-19T20:22:11","slug":"formularz-zgloszeniowy","status":"publish","type":"page","link":"https:\/\/przystanekrozwoj.pl\/?page_id=144","title":{"rendered":"Formularz zg\u0142oszeniowy"},"content":{"rendered":"\n<div class=\"wp-block-columns is-layout-flex wp-container-core-columns-is-layout-9d6595d7 wp-block-columns-is-layout-flex\">\n<div class=\"wp-block-column is-layout-flow wp-block-column-is-layout-flow\" style=\"flex-basis:33.33%\">\n<div class=\"wp-block-file\"><a id=\"wp-block-file--media-ee9acd29-e807-4b7e-9cf3-2d10f21b338f\" href=\"https:\/\/przystanekrozwoj.pl\/wp-content\/uploads\/2025\/08\/Formularz-Zgloszeniowy-.docx\">Formularz Zg\u0142oszeniowy<\/a><a href=\"https:\/\/przystanekrozwoj.pl\/wp-content\/uploads\/2025\/08\/Formularz-Zgloszeniowy-.docx\" class=\"wp-block-file__button wp-element-button\" download aria-describedby=\"wp-block-file--media-ee9acd29-e807-4b7e-9cf3-2d10f21b338f\">Pobierz<\/a><\/div>\n<\/div>\n\n\n\n<div class=\"wp-block-column is-layout-flow wp-block-column-is-layout-flow\" style=\"flex-basis:66.66%\">\n<p>Wype\u0142niony formularz zg\u0142oszeniowy do projektu nale\u017cy wys\u0142a\u0107 na adres mailowy: mistrzowies\u0142uchania@aldis<\/p>\n\n\n\n<p>W temacie maila nale\u017cy wpisa\u0107: Numer szko\u0142y oraz miejscowo\u015b\u0107 <br>np. SP28 Gda\u0144sk <\/p>\n<\/div>\n<\/div>\n\n\n\n<p><\/p>\n","protected":false},"excerpt":{"rendered":"<p>Wype\u0142niony formularz zg\u0142oszeniowy do projektu nale\u017cy wys\u0142a\u0107 na adres mailowy: mistrzowies\u0142uchania@aldis W temacie maila nale\u017cy wpisa\u0107: Numer szko\u0142y oraz miejscowo\u015b\u0107 np. SP28 Gda\u0144sk<\/p>\n","protected":false},"author":1,"featured_media":0,"parent":0,"menu_order":0,"comment_status":"closed","ping_status":"closed","template":"","meta":{"postBodyCss":"","postBodyMargin":[],"postBodyPadding":[],"postBodyBackground":{"backgroundType":"classic","gradient":""},"footnotes":""},"class_list":["post-144","page","type-page","status-publish","hentry"],"_links":{"self":[{"href":"https:\/\/przystanekrozwoj.pl\/index.php?rest_route=\/wp\/v2\/pages\/144","targetHints":{"allow":["GET"]}}],"collection":[{"href":"https:\/\/przystanekrozwoj.pl\/index.php?rest_route=\/wp\/v2\/pages"}],"about":[{"href":"https:\/\/przystanekrozwoj.pl\/index.php?rest_route=\/wp\/v2\/types\/page"}],"author":[{"embeddable":true,"href":"https:\/\/przystanekrozwoj.pl\/index.php?rest_route=\/wp\/v2\/users\/1"}],"replies":[{"embeddable":true,"href":"https:\/\/przystanekrozwoj.pl\/index.php?rest_route=%2Fwp%2Fv2%2Fcomments&post=144"}],"version-history":[{"count":1,"href":"https:\/\/przystanekrozwoj.pl\/index.php?rest_route=\/wp\/v2\/pages\/144\/revisions"}],"predecessor-version":[{"id":146,"href":"https:\/\/przystanekrozwoj.pl\/index.php?rest_route=\/wp\/v2\/pages\/144\/revisions\/146"}],"wp:attachment":[{"href":"https:\/\/przystanekrozwoj.pl\/index.php?rest_route=%2Fwp%2Fv2%2Fmedia&parent=144"}],"curies":[{"name":"wp","href":"https:\/\/api.w.org\/{rel}","templated":true}]}}