{"id":268,"date":"2025-12-13T21:28:31","date_gmt":"2025-12-13T20:28:31","guid":{"rendered":"https:\/\/przystanekrozwoj.pl\/?page_id=268"},"modified":"2025-12-13T21:38:53","modified_gmt":"2025-12-13T20:38:53","slug":"barbara-czapska","status":"publish","type":"page","link":"https:\/\/przystanekrozwoj.pl\/?page_id=268","title":{"rendered":""},"content":{"rendered":"\n<div class=\"wp-block-group alignfull is-content-justification-center\" style=\"margin-top:0;margin-bottom:0;padding-top:calc( 0.5 * var(--wp--style--root--padding-right, var(--wp--custom--gap--horizontal)));padding-right:var(--wp--style--root--padding-right, var(--wp--custom--gap--horizontal));padding-bottom:calc( 0.5 * var(--wp--style--root--padding-right, var(--wp--custom--gap--horizontal)));padding-left:var(--wp--style--root--padding-left, var(--wp--custom--gap--horizontal))\"><div class=\"wp-block-group__inner-container is-layout-constrained wp-container-core-group-is-layout-b073b61b wp-block-group-is-layout-constrained\">\n<div style=\"height:calc( 0.25 * var(--wp--style--root--padding-right, var(--wp--custom--gap--horizontal)))\" aria-hidden=\"true\" class=\"wp-block-spacer\"><\/div>\n\n\n<div class=\"wp-block-image\">\n<figure class=\"aligncenter size-full is-resized has-custom-border\"><img fetchpriority=\"high\" decoding=\"async\" width=\"953\" height=\"960\" src=\"https:\/\/przystanekrozwoj.pl\/wp-content\/uploads\/2025\/12\/Basia.jpg\" alt=\"\" class=\"wp-image-263\" style=\"border-radius:100em;aspect-ratio:1;object-fit:cover;width:175px;height:auto\" srcset=\"https:\/\/przystanekrozwoj.pl\/wp-content\/uploads\/2025\/12\/Basia.jpg 953w, https:\/\/przystanekrozwoj.pl\/wp-content\/uploads\/2025\/12\/Basia-298x300.jpg 298w, https:\/\/przystanekrozwoj.pl\/wp-content\/uploads\/2025\/12\/Basia-150x150.jpg 150w, https:\/\/przystanekrozwoj.pl\/wp-content\/uploads\/2025\/12\/Basia-768x774.jpg 768w, https:\/\/przystanekrozwoj.pl\/wp-content\/uploads\/2025\/12\/Basia-600x604.jpg 600w, https:\/\/przystanekrozwoj.pl\/wp-content\/uploads\/2025\/12\/Basia-100x100.jpg 100w\" sizes=\"(max-width: 953px) 100vw, 953px\" \/><\/figure>\n<\/div>\n\n\n<div style=\"height:8px\" aria-hidden=\"true\" class=\"wp-block-spacer\"><\/div>\n\n\n\n<div class=\"wp-block-group alignwide\"><div class=\"wp-block-group__inner-container is-layout-constrained wp-container-core-group-is-layout-ea1a8c23 wp-block-group-is-layout-constrained\">\n<h2 class=\"wp-block-heading has-text-align-center has-ast-global-color-2-color has-text-color\">Barbara Czapska<\/h2>\n\n\n\n<p class=\"has-text-align-center\"><strong>Prezes stowarzyszenia Przystanek Rozw\u00f3j.<\/strong><\/p>\n\n\n\n<p class=\"has-text-align-center\"><strong>Pedagog Specjalny, diagnosta i terapeuta zaburze\u0144 integracji sensorycznej, specjalista diagnozy i terapii pedagogicznej, terapeuta r\u0119ki, trener TUS.<\/strong><\/p>\n<\/div><\/div>\n\n\n\n<div style=\"height:calc( 0.25 * var(--wp--style--root--padding-right, var(--wp--custom--gap--horizontal)))\" aria-hidden=\"true\" class=\"wp-block-spacer\"><\/div>\n<\/div><\/div>\n\n\n\n<p>Absolwentka Akademii Pedagogiki Specjalnej im. Marii Grzegorzewskiej w Warszawie, gdzie uko\u0144czy\u0142a kierunek <strong>pedagogika specjalna<\/strong> ze specjalizacj\u0105 w pedagogice os\u00f3b z niepe\u0142nosprawno\u015bci\u0105 intelektualn\u0105 oraz terapii pedagogicznej. Swoje kompetencje poszerzy\u0142a r\u00f3wnie\u017c o studia z zakresu <strong>diagnozy i terapii integracji sensorycznej<\/strong> w Centrum Integracji Sensorycznej.<br><br>Nieustannie rozwija sw\u00f3j warsztat pracy, ko\u0144cz\u0105c <strong>liczne kursy i szkolenia nadaj\u0105ce uprawnienia terapeutyczne<\/strong>, m.in. z zakresu terapii r\u0119ki, Treningu Umiej\u0119tno\u015bci Spo\u0142ecznych (TUS), element\u00f3w terapii neurotaktylnej, terapii odruch\u00f3w wg Masgutowej oraz diagnozy i terapii optodysleksji. Sta\u0142e dokszta\u0142canie traktuje jako fundament rzetelnej i skutecznej pomocy dziecku.<br><br><strong>Do\u015bwiadczenie zawodowe zdobywa\u0142a, pracuj\u0105c w r\u00f3\u017cnorodnych plac\u00f3wkach edukacyjnych i terapeutycznych, takich jak:<br><\/strong><br>&#8211; zespo\u0142y szk\u00f3\u0142 specjalnych,<br>&#8211; gimnazjum oraz szko\u0142y podstawowe z oddzia\u0142ami integracyjnymi,<br>&#8211; oddzia\u0142 przedszkolny,<br>&#8211; Centrum Tw\u00f3rczej Edukacji i Terapii \u201eHulajnoga\u201d,<br>&#8211; Centrum Wspomagania Dziecka i Rodziny \u201eProgres\u201d.<br><br>Prowadzi autorskie <strong>warsztaty i lekcje edukacyjno-terapeutyczne<\/strong>, wsp\u00f3\u0142pracuj\u0105c m.in. z domami kultury, fundacjami, Muzeum Historii Polski oraz Stowarzyszeniem \u201eNasze \u015aredniowiecze\u201d. Organizuje tak\u017ce <strong>szkolenia i warsztaty<\/strong> dla rodzic\u00f3w oraz nauczycieli, dziel\u0105c si\u0119 praktyczn\u0105 wiedz\u0105 i do\u015bwiadczeniem. W obszarze szkole\u0144 wsp\u00f3\u0142pracowa\u0142a m.in. z Polskim Instytutem Montessori.<br><br>W swojej pracy kieruje si\u0119 uwa\u017cno\u015bci\u0105 na potrzeby dziecka oraz budowaniem relacji opartych na poczuciu bezpiecze\u0144stwa, zrozumieniu i wzajemnym szacunku. Patrzy na dziecko holistycznie, wierz\u0105c, \u017ce rozw\u00f3j najlepiej wspiera si\u0119 poprzez pod\u0105\u017canie za dzieckiem i towarzyszenie mu w jego indywidualnej drodze.<br><br>Prywatnie jest mam\u0105 Antosia, rekonstruktork\u0105 wczesnego \u015bredniowiecza oraz pasjonatk\u0105 r\u0119kodzie\u0142a i majsterkowania. <\/p>\n\n\n\n<blockquote class=\"wp-block-quote has-text-align-center is-layout-flow wp-block-quote-is-layout-flow\">\n<blockquote class=\"wp-block-quote is-layout-flow wp-block-quote-is-layout-flow\">\n<p><strong>\u201eEdukacja jest najpot\u0119\u017cniejsz\u0105 broni\u0105, jakiej mo\u017cesz u\u017cy\u0107, aby zmieni\u0107 \u015bwiat.\u201d<\/strong><br>\u2014 <em>Nelson Mandela<\/em><\/p>\n<\/blockquote>\n<\/blockquote>\n\n\n\n<div class=\"wp-block-group alignfull\"><div class=\"wp-block-group__inner-container is-layout-flow wp-block-group-is-layout-flow\">\n<p data-wp-context---core-fit-text=\"core\/fit-text::{&quot;fontSize&quot;:&quot;&quot;}\" data-wp-init---core-fit-text=\"core\/fit-text::callbacks.init\" data-wp-interactive data-wp-style--font-size=\"core\/fit-text::context.fontSize\" class=\"has-fit-text\"><\/p>\n\n\n\n<p data-wp-context---core-fit-text=\"core\/fit-text::{&quot;fontSize&quot;:&quot;&quot;}\" data-wp-init---core-fit-text=\"core\/fit-text::callbacks.init\" data-wp-interactive data-wp-style--font-size=\"core\/fit-text::context.fontSize\" class=\"has-fit-text\"><\/p>\n<\/div><\/div>\n\n\n\n<p><\/p>\n","protected":false},"excerpt":{"rendered":"<p>Barbara Czapska Prezes stowarzyszenia Przystanek Rozw\u00f3j. Pedagog Specjalny, diagnosta i terapeuta zaburze\u0144 integracji sensorycznej, specjalista diagnozy i terapii pedagogicznej, terapeuta r\u0119ki, trener TUS. Absolwentka Akademii Pedagogiki Specjalnej im. Marii Grzegorzewskiej w Warszawie, gdzie uko\u0144czy\u0142a kierunek pedagogika specjalna ze specjalizacj\u0105 w pedagogice os\u00f3b z niepe\u0142nosprawno\u015bci\u0105 intelektualn\u0105 oraz terapii pedagogicznej. Swoje kompetencje poszerzy\u0142a r\u00f3wnie\u017c o studia z zakresu diagnozy i terapii integracji [&hellip;]<\/p>\n","protected":false},"author":1,"featured_media":0,"parent":0,"menu_order":0,"comment_status":"closed","ping_status":"closed","template":"","meta":{"postBodyCss":"","postBodyMargin":[],"postBodyPadding":[],"postBodyBackground":{"backgroundType":"classic","gradient":""},"footnotes":""},"class_list":["post-268","page","type-page","status-publish","hentry"],"_links":{"self":[{"href":"https:\/\/przystanekrozwoj.pl\/index.php?rest_route=\/wp\/v2\/pages\/268","targetHints":{"allow":["GET"]}}],"collection":[{"href":"https:\/\/przystanekrozwoj.pl\/index.php?rest_route=\/wp\/v2\/pages"}],"about":[{"href":"https:\/\/przystanekrozwoj.pl\/index.php?rest_route=\/wp\/v2\/types\/page"}],"author":[{"embeddable":true,"href":"https:\/\/przystanekrozwoj.pl\/index.php?rest_route=\/wp\/v2\/users\/1"}],"replies":[{"embeddable":true,"href":"https:\/\/przystanekrozwoj.pl\/index.php?rest_route=%2Fwp%2Fv2%2Fcomments&post=268"}],"version-history":[{"count":5,"href":"https:\/\/przystanekrozwoj.pl\/index.php?rest_route=\/wp\/v2\/pages\/268\/revisions"}],"predecessor-version":[{"id":276,"href":"https:\/\/przystanekrozwoj.pl\/index.php?rest_route=\/wp\/v2\/pages\/268\/revisions\/276"}],"wp:attachment":[{"href":"https:\/\/przystanekrozwoj.pl\/index.php?rest_route=%2Fwp%2Fv2%2Fmedia&parent=268"}],"curies":[{"name":"wp","href":"https:\/\/api.w.org\/{rel}","templated":true}]}}