{"id":277,"date":"2025-12-13T21:44:55","date_gmt":"2025-12-13T20:44:55","guid":{"rendered":"https:\/\/przystanekrozwoj.pl\/?page_id=277"},"modified":"2025-12-13T21:47:08","modified_gmt":"2025-12-13T20:47:08","slug":"malgorzata-pelowska","status":"publish","type":"page","link":"https:\/\/przystanekrozwoj.pl\/?page_id=277","title":{"rendered":""},"content":{"rendered":"\n<div class=\"wp-block-group alignfull is-content-justification-center\" style=\"margin-top:0;margin-bottom:0;padding-top:calc( 0.5 * var(--wp--style--root--padding-right, var(--wp--custom--gap--horizontal)));padding-right:var(--wp--style--root--padding-right, var(--wp--custom--gap--horizontal));padding-bottom:calc( 0.5 * var(--wp--style--root--padding-right, var(--wp--custom--gap--horizontal)));padding-left:var(--wp--style--root--padding-left, var(--wp--custom--gap--horizontal))\"><div class=\"wp-block-group__inner-container is-layout-constrained wp-container-core-group-is-layout-b073b61b wp-block-group-is-layout-constrained\">\n<div style=\"height:calc( 0.25 * var(--wp--style--root--padding-right, var(--wp--custom--gap--horizontal)))\" aria-hidden=\"true\" class=\"wp-block-spacer\"><\/div>\n\n\n<div class=\"wp-block-image\">\n<figure class=\"aligncenter size-full is-resized has-custom-border\"><img fetchpriority=\"high\" decoding=\"async\" width=\"2048\" height=\"2048\" src=\"https:\/\/przystanekrozwoj.pl\/wp-content\/uploads\/2025\/12\/Gosia.jpg\" alt=\"\" class=\"wp-image-265\" style=\"border-radius:100em;aspect-ratio:1;object-fit:cover;width:175px;height:auto\" srcset=\"https:\/\/przystanekrozwoj.pl\/wp-content\/uploads\/2025\/12\/Gosia.jpg 2048w, https:\/\/przystanekrozwoj.pl\/wp-content\/uploads\/2025\/12\/Gosia-300x300.jpg 300w, https:\/\/przystanekrozwoj.pl\/wp-content\/uploads\/2025\/12\/Gosia-1024x1024.jpg 1024w, https:\/\/przystanekrozwoj.pl\/wp-content\/uploads\/2025\/12\/Gosia-150x150.jpg 150w, https:\/\/przystanekrozwoj.pl\/wp-content\/uploads\/2025\/12\/Gosia-768x768.jpg 768w, https:\/\/przystanekrozwoj.pl\/wp-content\/uploads\/2025\/12\/Gosia-1536x1536.jpg 1536w, https:\/\/przystanekrozwoj.pl\/wp-content\/uploads\/2025\/12\/Gosia-600x600.jpg 600w, https:\/\/przystanekrozwoj.pl\/wp-content\/uploads\/2025\/12\/Gosia-100x100.jpg 100w\" sizes=\"(max-width: 2048px) 100vw, 2048px\" \/><\/figure>\n<\/div>\n\n\n<div style=\"height:8px\" aria-hidden=\"true\" class=\"wp-block-spacer\"><\/div>\n\n\n\n<div class=\"wp-block-group alignwide\"><div class=\"wp-block-group__inner-container is-layout-constrained wp-container-core-group-is-layout-ea1a8c23 wp-block-group-is-layout-constrained\">\n<h2 class=\"wp-block-heading has-text-align-center has-ast-global-color-2-color has-text-color\">Ma\u0142gorzata Pelowska<\/h2>\n\n\n\n<p class=\"has-text-align-center\"><strong>Pedagog specjalny, specjalista diagnozy i terapii zaburze\u0144 integracji sensorycznej, trener pedagogiki kreatywno\u015bci, nauczyciel j\u0119zyka angielskiego oraz chemii.<\/strong><\/p>\n<\/div><\/div>\n\n\n\n<div style=\"height:calc( 0.25 * var(--wp--style--root--padding-right, var(--wp--custom--gap--horizontal)))\" aria-hidden=\"true\" class=\"wp-block-spacer\"><\/div>\n<\/div><\/div>\n\n\n<p style=\"font-weight: 400;\">Nauczycielka i edukatorka z wieloletnim do\u015bwiadczeniem w pracy z dzie\u0107mi i m\u0142odzie\u017c\u0105. Posiada kwalifikacje pedagogiczne oraz przygotowanie nauczycielskie. Zawodowo zwi\u0105zana z edukacj\u0105 szkoln\u0105, pracuje jako nauczycielka j\u0119zyka angielskiego oraz chemii w szkole podstawowej.<\/p>\n<p style=\"font-weight: 400;\">Uko\u0144czy\u0142a studia z zakresu\u00a0<strong>pedagogiki specjalnej \u2013 pedagogiki os\u00f3b z niepe\u0142nosprawno\u015bci\u0105 intelektualn\u0105<\/strong>, a tak\u017ce drug\u0105 specjalno\u015b\u0107:\u00a0<strong>pedagogik\u0119 kreatywno\u015bci<\/strong>. Posiada r\u00f3wnie\u017c\u00a0<strong>studia podyplomowe z integracji sensorycznej<\/strong>, co pozwala jej holistycznie wspiera\u0107 rozw\u00f3j dzieci, z uwzgl\u0119dnieniem ich indywidualnych potrzeb edukacyjnych i rozwojowych.<\/p>\n<p style=\"font-weight: 400;\">Do\u015bwiadczenie zawodowe zdobywa\u0142a w\u00a0<strong>przedszkolach integracyjnych<\/strong>, <strong>szkole z oddzia\u0142ami integracyjnymi <\/strong>oraz <strong>w Centrum Wspomagania Dziecka i Rodziny \u201eProgres\u201d,<\/strong>\u00a0pracuj\u0105c z dzie\u0107mi o zr\u00f3\u017cnicowanych mo\u017cliwo\u015bciach i potrzebach, w tym z uczniami ze specjalnymi potrzebami edukacyjnymi. W swojej pracy \u0142\u0105czy wiedz\u0119 merytoryczn\u0105 z empati\u0105, uwa\u017cno\u015bci\u0105 oraz indywidualnym podej\u015bciem do ka\u017cdego dziecka.<\/p>\n<p style=\"font-weight: 400;\">W czasie studi\u00f3w bra\u0142a udzia\u0142 w\u00a0<strong>programie Erasmus<\/strong>, realizuj\u0105c praktyki i\/lub cz\u0119\u015b\u0107 kszta\u0142cenia w\u00a0<strong>Szwecji, Danii oraz Finlandii<\/strong>, gdzie mia\u0142a mo\u017cliwo\u015b\u0107 poznania nowoczesnych, skandynawskich modeli edukacji opartych na inkluzyjno\u015bci, samodzielno\u015bci i dobrostanie dziecka.<\/p>\n<p style=\"font-weight: 400;\">W codziennej pracy dydaktycznej wykorzystuje metody aktywizuj\u0105ce, elementy STEAM, prac\u0119 projektow\u0105 oraz nauk\u0119 przez do\u015bwiadczenie. Jest autork\u0105 i realizatork\u0105 projekt\u00f3w edukacyjnych oraz innowacji pedagogicznych, kt\u00f3re wspieraj\u0105 rozw\u00f3j kreatywno\u015bci, samodzielno\u015bci i kompetencji spo\u0142ecznych uczni\u00f3w.<\/p>\n<p style=\"font-weight: 400;\">W dzia\u0142alno\u015bci stowarzyszeniowej anga\u017cuje si\u0119 w inicjatywy wspieraj\u0105ce dzieci i rodziny, tworz\u0105c przestrze\u0144 opart\u0105 na relacjach, wsp\u00f3\u0142pracy i pod\u0105\u017caniu za indywidualnymi potrzebami dziecka.<\/p>\n<p style=\"font-weight: 400;\">\u00a0<\/p>","protected":false},"excerpt":{"rendered":"<p>Ma\u0142gorzata Pelowska Pedagog specjalny, specjalista diagnozy i terapii zaburze\u0144 integracji sensorycznej, trener pedagogiki kreatywno\u015bci, nauczyciel j\u0119zyka angielskiego oraz chemii. Nauczycielka i edukatorka z wieloletnim do\u015bwiadczeniem w pracy z dzie\u0107mi i m\u0142odzie\u017c\u0105. Posiada kwalifikacje pedagogiczne oraz przygotowanie nauczycielskie. Zawodowo zwi\u0105zana z edukacj\u0105 szkoln\u0105, pracuje jako nauczycielka j\u0119zyka angielskiego oraz chemii w szkole podstawowej. Uko\u0144czy\u0142a studia z zakresu\u00a0pedagogiki specjalnej \u2013 pedagogiki os\u00f3b [&hellip;]<\/p>\n","protected":false},"author":1,"featured_media":0,"parent":0,"menu_order":0,"comment_status":"closed","ping_status":"closed","template":"","meta":{"postBodyCss":"","postBodyMargin":[],"postBodyPadding":[],"postBodyBackground":{"backgroundType":"classic","gradient":""},"footnotes":""},"class_list":["post-277","page","type-page","status-publish","hentry"],"_links":{"self":[{"href":"https:\/\/przystanekrozwoj.pl\/index.php?rest_route=\/wp\/v2\/pages\/277","targetHints":{"allow":["GET"]}}],"collection":[{"href":"https:\/\/przystanekrozwoj.pl\/index.php?rest_route=\/wp\/v2\/pages"}],"about":[{"href":"https:\/\/przystanekrozwoj.pl\/index.php?rest_route=\/wp\/v2\/types\/page"}],"author":[{"embeddable":true,"href":"https:\/\/przystanekrozwoj.pl\/index.php?rest_route=\/wp\/v2\/users\/1"}],"replies":[{"embeddable":true,"href":"https:\/\/przystanekrozwoj.pl\/index.php?rest_route=%2Fwp%2Fv2%2Fcomments&post=277"}],"version-history":[{"count":3,"href":"https:\/\/przystanekrozwoj.pl\/index.php?rest_route=\/wp\/v2\/pages\/277\/revisions"}],"predecessor-version":[{"id":281,"href":"https:\/\/przystanekrozwoj.pl\/index.php?rest_route=\/wp\/v2\/pages\/277\/revisions\/281"}],"wp:attachment":[{"href":"https:\/\/przystanekrozwoj.pl\/index.php?rest_route=%2Fwp%2Fv2%2Fmedia&parent=277"}],"curies":[{"name":"wp","href":"https:\/\/api.w.org\/{rel}","templated":true}]}}