{"id":64,"date":"2025-08-07T19:23:28","date_gmt":"2025-08-07T17:23:28","guid":{"rendered":"https:\/\/przystanekrozwoj.pl\/?page_id=64"},"modified":"2025-08-07T19:31:12","modified_gmt":"2025-08-07T17:31:12","slug":"statut","status":"publish","type":"page","link":"https:\/\/przystanekrozwoj.pl\/?page_id=64","title":{"rendered":"Statut"},"content":{"rendered":"\n<p class=\"has-text-align-center\"><strong>REGULAMIN STOWARZYSZENIA PRZYSTANEK ROZW\u00d3J<\/strong><\/p>\n\n\n\n<p class=\"has-background\" style=\"background-color:#abb7c269\"><strong>Rozdzia\u0142 I \u2013 Postanowienia og\u00f3lne<\/strong><\/p>\n\n\n\n<p><strong>\u00a7 1<\/strong><\/p>\n\n\n\n<p>1. Stowarzyszenie pod nazw\u0105 \u201ePrzystanek Rozw\u00f3j\u201d, zwane dalej \u201eStowarzyszeniem\u201d, jest dobrowolnym, samorz\u0105dnym i trwa\u0142ym zrzeszeniem os\u00f3b fizycznych, powo\u0142anym w celu realizacji dzia\u0142a\u0144 spo\u0142ecznych, edukacyjnych i obywatelskich.<\/p>\n\n\n\n<p>2. Stowarzyszenie dzia\u0142a na podstawie ustawy z dnia 7 kwietnia 1989 r. \u2013 Prawo o stowarzyszeniach oraz niniejszego Statutu.<\/p>\n\n\n\n<p>3. Stowarzyszenie nie posiada osobowo\u015bci prawnej.<\/p>\n\n\n\n<p>4. Stowarzyszenie ma siedzib\u0119 pod adresem:&nbsp; ul. Genera\u0142a Kleeberga 86, 96-313 Jaktor\u00f3w-Kolonia<\/p>\n\n\n\n<p>5. Terenem dzia\u0142ania Stowarzyszenia jest obszar Rzeczypospolitej Polskiej.<\/p>\n\n\n\n<p>6. Stowarzyszenie opiera swoj\u0105 dzia\u0142alno\u015b\u0107 na pracy spo\u0142ecznej cz\u0142onk\u00f3w. Mo\u017ce zatrudnia\u0107 osoby do realizacji cel\u00f3w statutowych, zgodnie z przepisami prawa.<\/p>\n\n\n\n<p class=\"has-background\" style=\"background-color:#abb7c269\"><strong>Rozdzia\u0142 II \u2013 Cele i formy dzia\u0142alno\u015bci<\/strong><\/p>\n\n\n\n<p><strong>\u00a7 2<\/strong><\/p>\n\n\n\n<p>Celem Stowarzyszenia jest wspieranie rozwoju dzieci, rodzin i spo\u0142eczno\u015bci lokalnych, w szczeg\u00f3lno\u015bci poprzez:<\/p>\n\n\n\n<p>1. Dzia\u0142ania edukacyjne, wychowawcze i terapeutyczne.<\/p>\n\n\n\n<p>2. Wspieranie rodzic\u00f3w i opiekun\u00f3w w procesie wychowania i edukacji dzieci.<\/p>\n\n\n\n<p>3. Rozw\u00f3j kompetencji spo\u0142ecznych i emocjonalnych dzieci i doros\u0142ych.<\/p>\n\n\n\n<p>4. Promowanie zdrowego stylu \u017cycia, profilaktyki zdrowotnej i kultury fizycznej.<\/p>\n\n\n\n<p>5. Kszta\u0142towanie postaw obywatelskich i patriotycznych.<\/p>\n\n\n\n<p>6. Animacj\u0119 kultury i \u017cycia spo\u0142ecznego.<\/p>\n\n\n\n<p>7. Wspieranie aktywno\u015bci spo\u0142ecznej, integracji mi\u0119dzypokoleniowej oraz wolontariatu.<\/p>\n\n\n\n<p>8. Prowadzenie dzia\u0142alno\u015bci edukacyjnej w\u015br\u00f3d dzieci, m\u0142odzie\u017cy oraz doros\u0142ych<\/p>\n\n\n\n<p>9. Prowadzenie dzia\u0142alno\u015bci spo\u0142eczno-wychowawczej i o\u015bwiatowo-kulturalnej<\/p>\n\n\n\n<p>10. Zwi\u0119kszanie aktywno\u015bci spo\u0142ecznej i fizycznej os\u00f3b niepe\u0142nosprawnych<\/p>\n\n\n\n<p><strong>\u00a7 3<\/strong><\/p>\n\n\n\n<p>Stowarzyszenie realizuje swoje cele poprzez:<\/p>\n\n\n\n<p>1. Organizacj\u0119 warsztat\u00f3w, spotka\u0144, wydarze\u0144, konferencji, zaj\u0119\u0107 edukacyjnych i kampanii informacyjnych.<\/p>\n\n\n\n<p>2. Wsp\u00f3\u0142prac\u0119 z instytucjami publicznymi, organizacjami pozarz\u0105dowymi, plac\u00f3wkami o\u015bwiatowymi oraz innymi partnerami.<\/p>\n\n\n\n<p>3. Prowadzenie dzia\u0142alno\u015bci edukacyjnej, terapeutycznej, doradczej i informacyjnej.<\/p>\n\n\n\n<p>4. Prowadzenie dzia\u0142a\u0144 w mediach tradycyjnych i spo\u0142eczno\u015bciowych.<\/p>\n\n\n\n<p>5. Opracowywanie i rozpowszechnianie materia\u0142\u00f3w informacyjnych i edukacyjnych.<\/p>\n\n\n\n<p>6. Pozyskiwanie \u015brodk\u00f3w z darowizn, dotacji, grant\u00f3w oraz innych zgodnych z prawem \u017ar\u00f3de\u0142.<\/p>\n\n\n\n<p>7. Inicjowanie i realizacj\u0119 projekt\u00f3w lokalnych, regionalnych i mi\u0119dzynarodowych.<\/p>\n\n\n\n<p class=\"has-background\" style=\"background-color:#abb7c269\"><strong>Rozdzia\u0142 III \u2013 Cz\u0142onkowie Stowarzyszenia<\/strong><\/p>\n\n\n\n<p><strong>\u00a7 4<\/strong><\/p>\n\n\n\n<p>1. Cz\u0142onkiem Stowarzyszenia mo\u017ce by\u0107 ka\u017cda osoba fizyczna, kt\u00f3ra akceptuje cele Stowarzyszenia i z\u0142o\u017cy pisemn\u0105 deklaracj\u0119 cz\u0142onkowsk\u0105.<\/p>\n\n\n\n<p>2. Decyzj\u0119 o przyj\u0119ciu cz\u0142onka podejmuje Zarz\u0105d.<\/p>\n\n\n\n<p>3. Cz\u0142onkostwo ustaje na skutek:<\/p>\n\n\n\n<p>a) dobrowolnego wyst\u0105pienia zg\u0142oszonego na pi\u015bmie,<\/p>\n\n\n\n<p>b) \u015bmierci cz\u0142onka,<\/p>\n\n\n\n<p>c) wykluczenia przez Zarz\u0105d w przypadkach okre\u015blonych w \u00a7 6 ust. 3.<\/p>\n\n\n\n<p><strong>\u00a7 5<\/strong><\/p>\n\n\n\n<p>Cz\u0142onkowie maj\u0105 prawo do:<\/p>\n\n\n\n<p>1. Uczestnictwa w dzia\u0142alno\u015bci Stowarzyszenia,<\/p>\n\n\n\n<p>2. Zg\u0142aszania wniosk\u00f3w i propozycji dotycz\u0105cych dzia\u0142alno\u015bci Stowarzyszenia,<\/p>\n\n\n\n<p>3. Wybierania i bycia wybieranym do Zarz\u0105du.<\/p>\n\n\n\n<p><strong>\u00a7 6<\/strong><\/p>\n\n\n\n<p>1. Cz\u0142onkowie maj\u0105 obowi\u0105zek:<\/p>\n\n\n\n<p>a) przestrzegania postanowie\u0144 Statutu i uchwa\u0142 Zarz\u0105du,<\/p>\n\n\n\n<p>b) aktywnego uczestnictwa w realizacji cel\u00f3w Stowarzyszenia.<\/p>\n\n\n\n<p>2. Zarz\u0105d mo\u017ce wykluczy\u0107 cz\u0142onka, kt\u00f3ry:<\/p>\n\n\n\n<p>a) nie wykonuje postanowie\u0144&nbsp; Statutu&nbsp; lub&nbsp; uchwa\u0142&nbsp; w\u0142adz Stowarzyszenia,<\/p>\n\n\n\n<p>b) podejmuje&nbsp; dzia\u0142ania&nbsp; ra\u017c\u0105co&nbsp; sprzeczne&nbsp; z&nbsp; celami&nbsp; Stowarzyszenia,<\/p>\n\n\n\n<p>c) dzia\u0142a&nbsp; na&nbsp; szkod\u0119&nbsp; Stowarzyszenia,&nbsp;&nbsp;<\/p>\n\n\n\n<p>3. Decyzj\u0119 o wykluczeniu podejmuje Zarz\u0105d Stowarzyszenia. Od jego decyzji przys\u0142uguje odwo\u0142anie do Zebrania Cz\u0142onk\u00f3w w terminie 14 dni od otrzymania decyzji o wykluczeniu. Odwo\u0142anie sk\u0142ada si\u0119 za po\u015brednictwem Zarz\u0105du.<\/p>\n\n\n\n<p class=\"has-background\" style=\"background-color:#abb7c269\"><strong>Rozdzia\u0142 IV Organizacja Stowarzyszenia, Reprezentacja&nbsp;<\/strong><\/p>\n\n\n\n<p><strong>\u00a7 7<\/strong><\/p>\n\n\n\n<p><strong><br><\/strong><strong>1.<\/strong> W\u0142adze w stowarzyszeniu sprawuje zarz\u0105d podejmuj\u0105c decyzje w bie\u017c\u0105cych sprawach.<\/p>\n\n\n\n<p><strong>2<\/strong>. Zarz\u0105d Stowarzyszenia sk\u0142ada si\u0119 z 1 osoby i wybierany jest przez Zebranie Cz\u0142onk\u00f3w. W sk\u0142ad Zarz\u0105du wchodzi Prezes Stowarzyszenia. Na funkcj\u0119 Prezesa wybiera Zebranie Cz\u0142onk\u00f3w.<\/p>\n\n\n\n<p>3. Zarz\u0105d powo\u0142uje si\u0119 na pi\u0119cioletni\u0105 kadencj\u0119.&nbsp;<\/p>\n\n\n\n<p><strong>\u00a7 8<\/strong><\/p>\n\n\n\n<p><strong>&nbsp;<\/strong>Do kompetencji Prezesa Stowarzyszenia nale\u017cy:<\/p>\n\n\n\n<p>1. Realizowanie uchwa\u0142 Zebrania Cz\u0142onk\u00f3w oraz sk\u0142adanie sprawozda\u0144 ze swojej dzia\u0142alno\u015bci.<\/p>\n\n\n\n<p>2. Kierowanie bie\u017c\u0105c\u0105 dzia\u0142alno\u015bci\u0105 i reprezentowanie Stowarzyszenia na zewn\u0105trz.<\/p>\n\n\n\n<p>3. Opracowywanie program\u00f3w i uchwalanie plan\u00f3w pracy Stowarzyszenia.<\/p>\n\n\n\n<p>4. Przyjmowanie cz\u0142onk\u00f3w i pozbawianie cz\u0142onkostwa.<\/p>\n\n\n\n<p>5. Przygotowywanie projektu bud\u017cetu Stowarzyszenia.<\/p>\n\n\n\n<p>6. Uchwalanie wysoko\u015bci sk\u0142adek cz\u0142onkowskich.<\/p>\n\n\n\n<p>7. Zarz\u0105dzanie maj\u0105tkiem Stowarzyszenia oraz podejmowanie uchwa\u0142 o nabywaniu, zbywaniu lub obci\u0105\u017caniu maj\u0105tku Stowarzyszenia.<\/p>\n\n\n\n<p>8. Zwo\u0142ywanie Zebra\u0144 Cz\u0142onk\u00f3w.<\/p>\n\n\n\n<p>9. Rozstrzyganie spor\u00f3w mi\u0119dzy cz\u0142onkami Stowarzyszenia powsta\u0142ych na tle dzia\u0142alno\u015bci Stowarzyszenia.<\/p>\n\n\n\n<p><strong>\u00a7 9<\/strong><\/p>\n\n\n\n<p>1. Do reprezentowania Stowarzyszenia oraz do zaci\u0105gania zobowi\u0105za\u0144 maj\u0105tkowych wymagany jest podpis Prezesa Stowarzyszenia<\/p>\n\n\n\n<p>2. Podejmowanie przez Prezesa Stowarzyszenia czynno\u015bci przekraczaj\u0105cych zakres zwyk\u0142ego zarz\u0105du wymaga uprzedniej zgody wszystkich cz\u0142onk\u00f3w stowarzyszenia zwyk\u0142ego oraz udzielenia przez nich pe\u0142nomocnictwa do dokonania tych czynno\u015bci.<\/p>\n\n\n\n<p>2.&nbsp;Czynno\u015bciami przekraczaj\u0105cymi zakres zwyk\u0142ego zarz\u0105du s\u0105 w szczeg\u00f3lno\u015bci:<\/p>\n\n\n\n<p>1)&nbsp;&nbsp;&nbsp;nabycie oraz zbycie nieruchomo\u015bci lub prawa u\u017cytkowania wieczystego;<\/p>\n\n\n\n<p>2)&nbsp;&nbsp;&nbsp;ustanowienie ograniczonego prawa rzeczowego;<\/p>\n\n\n\n<p>3)&nbsp;&nbsp;&nbsp;zawarcie umowy kredytu albo po\u017cyczki;<\/p>\n\n\n\n<p>4)&nbsp;&nbsp;&nbsp;przej\u0119cie d\u0142ugu, uznanie d\u0142ugu, zwolnienie z d\u0142ugu, przyst\u0105pienie do d\u0142ugu, zawarcie umowy por\u0119czenia lub zawarcie innej podobnej umowy;<\/p>\n\n\n\n<p>5)&nbsp;&nbsp;&nbsp;zaci\u0105gni\u0119cie innych zobowi\u0105za\u0144 przekraczaj\u0105cych warto\u015b\u0107 10&nbsp;000 z\u0142.<\/p>\n\n\n\n<p><strong>\u00a7 10<\/strong><\/p>\n\n\n\n<p>1.<strong> <\/strong>Zmiana regulaminu oraz rozwi\u0105zanie&nbsp; Stowarzyszenia&nbsp; wymaga&nbsp; uchwa\u0142y &nbsp; Zebrania Cz\u0142onk\u00f3w&nbsp; podj\u0119tej&nbsp; wi\u0119kszo\u015bci\u0105&nbsp; 2\/3&nbsp; g\u0142os\u00f3w&nbsp; w&nbsp; obecno\u015bci&nbsp; co&nbsp; najmniej&nbsp; 1\/2&nbsp; liczby&nbsp; Cz\u0142onk\u00f3w. Podejmuj\u0105c uchwa\u0142\u0119 o rozwi\u0105zaniu Stowarzyszenia Zebranie Cz\u0142onk\u00f3w wskazuje likwidatora oraz okre\u015bla przeznaczenie pozosta\u0142ego maj\u0105tku Stowarzyszenia.<\/p>\n\n\n\n<p class=\"has-background\" style=\"background-color:#abb7c269\"><strong>Rozdzia\u0142 V Maj\u0105tek Stowarzyszenia.&nbsp;<\/strong><\/p>\n\n\n\n<p><strong>\u00a7 11<\/strong><\/p>\n\n\n\n<p>1.<strong> <\/strong>\u015arodki na dzia\u0142alno\u015b\u0107 stowarzyszeniach pochodz\u0105 z:&nbsp;<\/p>\n\n\n\n<p>1. dotacji&nbsp;<\/p>\n\n\n\n<p>2. darowizn&nbsp;<\/p>\n\n\n\n<p>3. zbi\u00f3rek publicznych&nbsp;<\/p>\n\n\n\n<p>4. spadk\u00f3w, zapis\u00f3w,<\/p>\n\n\n\n<p>5. dochod\u00f3w z maj\u0105tku stowarzyszenia&nbsp;<\/p>\n\n\n\n<p>6. sk\u0142adek cz\u0142onkowskich<\/p>\n\n\n\n<p>2. Fundusze uzyskiwane ze sk\u0142adek s\u0142u\u017cy\u0107 mog\u0105 wy\u0142\u0105cznie realizacji cel\u00f3w regulaminowych bez prawa podzia\u0142u pomi\u0119dzy cz\u0142onk\u00f3w Stowarzyszenia&nbsp;<\/p>\n\n\n\n<p>3. Decyzj\u0119 w sprawie nabywania, zbywania i obci\u0105\u017cania maj\u0105tku Stowarzyszenia podejmuje Prezes Stowarzyszenia.&nbsp;<\/p>\n\n\n\n<p>4. Do zawierania um\u00f3w, udzielania pe\u0142nomocnictwa i sk\u0142adania innych o\u015bwiadcze\u0144 woli w szczeg\u00f3lno\u015bci w sprawach maj\u0105tkowych wymagany jest podpis jednego cz\u0142onka zarz\u0105du.&nbsp;<\/p>\n\n\n\n<p class=\"has-background\" style=\"background-color:#abb7c269\"><strong>Rozdzia\u0142 VI Postanowienia ko\u0144cowe.&nbsp;<\/strong><\/p>\n\n\n\n<p><strong>\u00a7 12<\/strong><\/p>\n\n\n\n<p>&nbsp;W sprawach nieuregulowanych niniejszym Regulaminem zastosowanie maj\u0105 przepisy ustawy \u2013 Prawo o stowarzyszeniach<\/p>\n\n\n\n<p><\/p>\n","protected":false},"excerpt":{"rendered":"<p>REGULAMIN STOWARZYSZENIA PRZYSTANEK ROZW\u00d3J Rozdzia\u0142 I \u2013 Postanowienia og\u00f3lne \u00a7 1 1. Stowarzyszenie pod nazw\u0105 \u201ePrzystanek Rozw\u00f3j\u201d, zwane dalej \u201eStowarzyszeniem\u201d, jest dobrowolnym, samorz\u0105dnym i trwa\u0142ym zrzeszeniem os\u00f3b fizycznych, powo\u0142anym w celu realizacji dzia\u0142a\u0144 spo\u0142ecznych, edukacyjnych i obywatelskich. 2. Stowarzyszenie dzia\u0142a na podstawie ustawy z dnia 7 kwietnia 1989 r. \u2013 Prawo o stowarzyszeniach oraz niniejszego Statutu. 3. Stowarzyszenie nie posiada [&hellip;]<\/p>\n","protected":false},"author":1,"featured_media":0,"parent":0,"menu_order":0,"comment_status":"closed","ping_status":"closed","template":"","meta":{"postBodyCss":"","postBodyMargin":[],"postBodyPadding":[],"postBodyBackground":{"backgroundType":"classic","gradient":""},"footnotes":""},"class_list":["post-64","page","type-page","status-publish","hentry"],"_links":{"self":[{"href":"https:\/\/przystanekrozwoj.pl\/index.php?rest_route=\/wp\/v2\/pages\/64","targetHints":{"allow":["GET"]}}],"collection":[{"href":"https:\/\/przystanekrozwoj.pl\/index.php?rest_route=\/wp\/v2\/pages"}],"about":[{"href":"https:\/\/przystanekrozwoj.pl\/index.php?rest_route=\/wp\/v2\/types\/page"}],"author":[{"embeddable":true,"href":"https:\/\/przystanekrozwoj.pl\/index.php?rest_route=\/wp\/v2\/users\/1"}],"replies":[{"embeddable":true,"href":"https:\/\/przystanekrozwoj.pl\/index.php?rest_route=%2Fwp%2Fv2%2Fcomments&post=64"}],"version-history":[{"count":4,"href":"https:\/\/przystanekrozwoj.pl\/index.php?rest_route=\/wp\/v2\/pages\/64\/revisions"}],"predecessor-version":[{"id":74,"href":"https:\/\/przystanekrozwoj.pl\/index.php?rest_route=\/wp\/v2\/pages\/64\/revisions\/74"}],"wp:attachment":[{"href":"https:\/\/przystanekrozwoj.pl\/index.php?rest_route=%2Fwp%2Fv2%2Fmedia&parent=64"}],"curies":[{"name":"wp","href":"https:\/\/api.w.org\/{rel}","templated":true}]}}